{"id":4865,"date":"2024-09-15T06:18:25","date_gmt":"2024-09-15T06:18:25","guid":{"rendered":"https:\/\/www.marymaris.eu\/sakumlapa-marymaris\/"},"modified":"2025-02-14T12:16:20","modified_gmt":"2025-02-14T12:16:20","slug":"sakumlapa-marymaris","status":"publish","type":"page","link":"https:\/\/www.marymaris.eu\/lv\/","title":{"rendered":"S\u0101kumlapa MaryMaris"},"content":{"rendered":"\t\t<div data-elementor-type=\"wp-page\" data-elementor-id=\"4865\" class=\"elementor elementor-4865 elementor-4753\" data-elementor-post-type=\"page\">\n\t\t\t\t<div class=\"elementor-element elementor-element-a26b313 e-flex e-con-boxed e-con e-parent\" data-id=\"a26b313\" data-element_type=\"container\">\n\t\t\t\t\t<div class=\"e-con-inner\">\n\t\t\t\t<div class=\"elementor-element elementor-element-81c83fc elementor-widget elementor-widget-heading\" data-id=\"81c83fc\" data-element_type=\"widget\" data-widget_type=\"heading.default\">\n\t\t\t\t<div class=\"elementor-widget-container\">\n\t\t\t<style>\/*! elementor - v3.22.0 - 26-06-2024 *\/\n.elementor-heading-title{padding:0;margin:0;line-height:1}.elementor-widget-heading .elementor-heading-title[class*=elementor-size-]>a{color:inherit;font-size:inherit;line-height:inherit}.elementor-widget-heading .elementor-heading-title.elementor-size-small{font-size:15px}.elementor-widget-heading .elementor-heading-title.elementor-size-medium{font-size:19px}.elementor-widget-heading .elementor-heading-title.elementor-size-large{font-size:29px}.elementor-widget-heading .elementor-heading-title.elementor-size-xl{font-size:39px}.elementor-widget-heading .elementor-heading-title.elementor-size-xxl{font-size:59px}<\/style><h2 class=\"elementor-heading-title elementor-size-default\">Atp\u016bta visai \u0123imenei<\/h2>\t\t<\/div>\n\t\t\t\t<\/div>\n\t\t\t\t<div class=\"elementor-element elementor-element-3e6906e elementor-widget elementor-widget-text-editor\" data-id=\"3e6906e\" data-element_type=\"widget\" data-widget_type=\"text-editor.default\">\n\t\t\t\t<div class=\"elementor-widget-container\">\n\t\t\t<style>\/*! elementor - v3.22.0 - 26-06-2024 *\/\n.elementor-widget-text-editor.elementor-drop-cap-view-stacked .elementor-drop-cap{background-color:#69727d;color:#fff}.elementor-widget-text-editor.elementor-drop-cap-view-framed .elementor-drop-cap{color:#69727d;border:3px solid;background-color:transparent}.elementor-widget-text-editor:not(.elementor-drop-cap-view-default) .elementor-drop-cap{margin-top:8px}.elementor-widget-text-editor:not(.elementor-drop-cap-view-default) .elementor-drop-cap-letter{width:1em;height:1em}.elementor-widget-text-editor .elementor-drop-cap{float:left;text-align:center;line-height:1;font-size:50px}.elementor-widget-text-editor .elementor-drop-cap-letter{display:inline-block}<\/style>\t\t\t\t<p style=\"font-weight: 400;\"><strong>Laipni l\u016bdzam MaryMaris \u2013 \u0123imenes sporta un izklaides centri vis\u0101 Baltij\u0101!<\/strong><\/p>\n<p style=\"font-weight: 400;\">M\u0113s veidojam unik\u0101lus akt\u012bv\u0101s atp\u016btas parkus visai \u0123imenei, kur katrs atrad\u012bs kaut ko sev piem\u0113rotu. M\u016bsu centri pied\u0101v\u0101 da\u017e\u0101dus atrakcijas un izklaides, kas piem\u0113rotas gan b\u0113rniem, gan pieaugu\u0161ajiem. Tas ir ide\u0101ls vieta \u0123imenes br\u012bvdien\u0101m, sv\u0113tkiem un akt\u012bvai atp\u016btai ar draugiem.  <\/p>\n\t\t\t\t\t\t<\/div>\n\t\t\t\t<\/div>\n\t\t<div class=\"elementor-element elementor-element-d19508a e-grid e-con-full e-con e-child\" data-id=\"d19508a\" data-element_type=\"container\">\n\t\t<div class=\"elementor-element elementor-element-9d26b1d e-con-full e-flex e-con e-child\" data-id=\"9d26b1d\" data-element_type=\"container\" data-settings=\"{&quot;background_background&quot;:&quot;classic&quot;}\">\n\t\t\t\t<div class=\"elementor-element elementor-element-e65ac0a elementor-widget elementor-widget-image\" data-id=\"e65ac0a\" data-element_type=\"widget\" data-widget_type=\"image.default\">\n\t\t\t\t<div class=\"elementor-widget-container\">\n\t\t\t<style>\/*! elementor - v3.22.0 - 26-06-2024 *\/\n.elementor-widget-image{text-align:center}.elementor-widget-image a{display:inline-block}.elementor-widget-image a img[src$=\".svg\"]{width:48px}.elementor-widget-image img{vertical-align:middle;display:inline-block}<\/style>\t\t\t\t\t\t\t\t\t\t\t<a href=\"http:\/\/marymaris.lv\" target=\"_blank\" rel=\"noopener\">\n\t\t\t\t\t\t\t<img fetchpriority=\"high\" decoding=\"async\" width=\"890\" height=\"668\" src=\"https:\/\/www.marymaris.eu\/wp-content\/uploads\/2024\/08\/main-5-2.jpg\" class=\"attachment-large size-large wp-image-3767\" alt=\"\" srcset=\"https:\/\/www.marymaris.eu\/wp-content\/uploads\/2024\/08\/main-5-2.jpg 890w, https:\/\/www.marymaris.eu\/wp-content\/uploads\/2024\/08\/main-5-2-300x225.jpg 300w, https:\/\/www.marymaris.eu\/wp-content\/uploads\/2024\/08\/main-5-2-768x576.jpg 768w, https:\/\/www.marymaris.eu\/wp-content\/uploads\/2024\/08\/main-5-2-200x150.jpg 200w\" sizes=\"(max-width: 890px) 100vw, 890px\" \/>\t\t\t\t\t\t\t\t<\/a>\n\t\t\t\t\t\t\t\t\t\t\t\t\t<\/div>\n\t\t\t\t<\/div>\n\t\t\t\t<div class=\"elementor-element elementor-element-d4e03f1 elementor-widget elementor-widget-text-editor\" data-id=\"d4e03f1\" data-element_type=\"widget\" data-widget_type=\"text-editor.default\">\n\t\t\t\t<div class=\"elementor-widget-container\">\n\t\t\t\t\t\t\t<p>MaryMaris Akropole <br \/>Riga<\/p>\n\t\t\t\t\t\t<\/div>\n\t\t\t\t<\/div>\n\t\t\t\t<div class=\"elementor-element elementor-element-7a63785 elementor-align-justify elementor-widget elementor-widget-button\" data-id=\"7a63785\" data-element_type=\"widget\" data-widget_type=\"button.default\">\n\t\t\t\t<div class=\"elementor-widget-container\">\n\t\t\t\t\t<div class=\"elementor-button-wrapper\">\n\t\t\t<a class=\"elementor-button elementor-button-link elementor-size-sm\" href=\"http:\/\/marymaris.lv\" target=\"_blank\" rel=\"noopener\">\n\t\t\t\t\t\t<span class=\"elementor-button-content-wrapper\">\n\t\t\t\t\t\t\t\t\t<span class=\"elementor-button-text\">Uzziniet vair\u0101k<\/span>\n\t\t\t\t\t<\/span>\n\t\t\t\t\t<\/a>\n\t\t<\/div>\n\t\t\t\t<\/div>\n\t\t\t\t<\/div>\n\t\t\t\t<div class=\"elementor-element elementor-element-0b8c121 elementor-widget elementor-widget-text-editor\" data-id=\"0b8c121\" data-element_type=\"widget\" data-widget_type=\"text-editor.default\">\n\t\t\t\t<div class=\"elementor-widget-container\">\n\t\t\t\t\t\t\t<p>AKROPOLE, LATGALES IELA 257, R\u012aGA<\/p>\n\t\t\t\t\t\t<\/div>\n\t\t\t\t<\/div>\n\t\t\t\t<\/div>\n\t\t<div class=\"elementor-element elementor-element-6face35 e-con-full e-flex e-con e-child\" data-id=\"6face35\" data-element_type=\"container\" data-settings=\"{&quot;background_background&quot;:&quot;classic&quot;}\">\n\t\t\t\t<div class=\"elementor-element elementor-element-e161eed elementor-widget elementor-widget-image\" data-id=\"e161eed\" data-element_type=\"widget\" data-widget_type=\"image.default\">\n\t\t\t\t<div class=\"elementor-widget-container\">\n\t\t\t\t\t\t\t\t\t\t\t\t\t\t<a href=\"http:\/\/marymaris.lt\" target=\"_blank\" rel=\"noopener\">\n\t\t\t\t\t\t\t<img decoding=\"async\" width=\"890\" height=\"668\" src=\"https:\/\/www.marymaris.eu\/wp-content\/uploads\/2025\/02\/mmsurprise.jpg\" class=\"attachment-large size-large wp-image-4819\" alt=\"\" srcset=\"https:\/\/www.marymaris.eu\/wp-content\/uploads\/2025\/02\/mmsurprise.jpg 890w, https:\/\/www.marymaris.eu\/wp-content\/uploads\/2025\/02\/mmsurprise-600x450.jpg 600w, https:\/\/www.marymaris.eu\/wp-content\/uploads\/2025\/02\/mmsurprise-768x576.jpg 768w, https:\/\/www.marymaris.eu\/wp-content\/uploads\/2025\/02\/mmsurprise-200x150.jpg 200w\" sizes=\"(max-width: 890px) 100vw, 890px\" \/>\t\t\t\t\t\t\t\t<\/a>\n\t\t\t\t\t\t\t\t\t\t\t\t\t<\/div>\n\t\t\t\t<\/div>\n\t\t\t\t<div class=\"elementor-element elementor-element-eccc533 elementor-widget elementor-widget-text-editor\" data-id=\"eccc533\" data-element_type=\"widget\" data-widget_type=\"text-editor.default\">\n\t\t\t\t<div class=\"elementor-widget-container\">\n\t\t\t\t\t\t\t<p>MaryMaris Akropolis <br \/>Vilnius<\/p>\n\t\t\t\t\t\t<\/div>\n\t\t\t\t<\/div>\n\t\t\t\t<div class=\"elementor-element elementor-element-94ba2f4 elementor-align-justify elementor-widget elementor-widget-button\" data-id=\"94ba2f4\" data-element_type=\"widget\" data-widget_type=\"button.default\">\n\t\t\t\t<div class=\"elementor-widget-container\">\n\t\t\t\t\t<div class=\"elementor-button-wrapper\">\n\t\t\t<a class=\"elementor-button elementor-button-link elementor-size-sm\" href=\"http:\/\/marymaris.lt\" target=\"_blank\" rel=\"noopener\">\n\t\t\t\t\t\t<span class=\"elementor-button-content-wrapper\">\n\t\t\t\t\t\t\t\t\t<span class=\"elementor-button-text\">Uzziniet vair\u0101k<\/span>\n\t\t\t\t\t<\/span>\n\t\t\t\t\t<\/a>\n\t\t<\/div>\n\t\t\t\t<\/div>\n\t\t\t\t<\/div>\n\t\t\t\t<div class=\"elementor-element elementor-element-54d0465 elementor-widget elementor-widget-text-editor\" data-id=\"54d0465\" data-element_type=\"widget\" data-widget_type=\"text-editor.default\">\n\t\t\t\t<div class=\"elementor-widget-container\">\n\t\t\t\t\t\t\t<p><span class=\"elementor-icon-list-text\">AKROPOLIS, OZO G. 25, VILNIUS<\/span><\/p>\n\t\t\t\t\t\t<\/div>\n\t\t\t\t<\/div>\n\t\t\t\t<\/div>\n\t\t<div class=\"elementor-element elementor-element-9ae1a61 e-con-full e-flex e-con e-child\" data-id=\"9ae1a61\" data-element_type=\"container\" data-settings=\"{&quot;background_background&quot;:&quot;classic&quot;}\">\n\t\t\t\t<div class=\"elementor-element elementor-element-bc6cd80 elementor-widget elementor-widget-image\" data-id=\"bc6cd80\" data-element_type=\"widget\" data-widget_type=\"image.default\">\n\t\t\t\t<div class=\"elementor-widget-container\">\n\t\t\t\t\t\t\t\t\t\t\t\t\t\t<a href=\"http:\/\/marymaris.ee\" target=\"_blank\" rel=\"noopener\">\n\t\t\t\t\t\t\t<img decoding=\"async\" width=\"890\" height=\"668\" src=\"https:\/\/www.marymaris.eu\/wp-content\/uploads\/2025\/02\/mmsurprise.jpg\" class=\"attachment-large size-large wp-image-4819\" alt=\"\" srcset=\"https:\/\/www.marymaris.eu\/wp-content\/uploads\/2025\/02\/mmsurprise.jpg 890w, https:\/\/www.marymaris.eu\/wp-content\/uploads\/2025\/02\/mmsurprise-600x450.jpg 600w, https:\/\/www.marymaris.eu\/wp-content\/uploads\/2025\/02\/mmsurprise-768x576.jpg 768w, https:\/\/www.marymaris.eu\/wp-content\/uploads\/2025\/02\/mmsurprise-200x150.jpg 200w\" sizes=\"(max-width: 890px) 100vw, 890px\" \/>\t\t\t\t\t\t\t\t<\/a>\n\t\t\t\t\t\t\t\t\t\t\t\t\t<\/div>\n\t\t\t\t<\/div>\n\t\t\t\t<div class=\"elementor-element elementor-element-22eee85 elementor-widget elementor-widget-text-editor\" data-id=\"22eee85\" data-element_type=\"widget\" data-widget_type=\"text-editor.default\">\n\t\t\t\t<div class=\"elementor-widget-container\">\n\t\t\t\t\t\t\t<p>MaryMaris<br \/>Rocca Al Mare Tallinn<\/p>\n\t\t\t\t\t\t<\/div>\n\t\t\t\t<\/div>\n\t\t\t\t<div class=\"elementor-element elementor-element-2d84309 elementor-align-justify elementor-widget elementor-widget-button\" data-id=\"2d84309\" data-element_type=\"widget\" data-widget_type=\"button.default\">\n\t\t\t\t<div class=\"elementor-widget-container\">\n\t\t\t\t\t<div class=\"elementor-button-wrapper\">\n\t\t\t<a class=\"elementor-button elementor-button-link elementor-size-sm\" href=\"http:\/\/marymaris.ee\" target=\"_blank\" rel=\"noopener\">\n\t\t\t\t\t\t<span class=\"elementor-button-content-wrapper\">\n\t\t\t\t\t\t\t\t\t<span class=\"elementor-button-text\">Uzziniet vair\u0101k<\/span>\n\t\t\t\t\t<\/span>\n\t\t\t\t\t<\/a>\n\t\t<\/div>\n\t\t\t\t<\/div>\n\t\t\t\t<\/div>\n\t\t\t\t<div class=\"elementor-element elementor-element-c5d955a elementor-widget elementor-widget-text-editor\" data-id=\"c5d955a\" data-element_type=\"widget\" data-widget_type=\"text-editor.default\">\n\t\t\t\t<div class=\"elementor-widget-container\">\n\t\t\t\t\t\t\t<div>\n<p>ROCCA AL MARE, PALDISKI MNT 102, TALLINN<\/p>\n<\/div>\n\t\t\t\t\t\t<\/div>\n\t\t\t\t<\/div>\n\t\t\t\t<\/div>\n\t\t\t\t<\/div>\n\t\t\t\t\t<\/div>\n\t\t\t\t<\/div>\n\t\t<div class=\"elementor-element elementor-element-599db70 e-flex e-con-boxed e-con e-parent\" data-id=\"599db70\" data-element_type=\"container\" data-settings=\"{&quot;background_background&quot;:&quot;classic&quot;}\">\n\t\t\t\t\t<div class=\"e-con-inner\">\n\t\t\t\t<div class=\"elementor-element elementor-element-7fe6b00 elementor-widget elementor-widget-heading\" data-id=\"7fe6b00\" data-element_type=\"widget\" data-widget_type=\"heading.default\">\n\t\t\t\t<div class=\"elementor-widget-container\">\n\t\t\t<h2 class=\"elementor-heading-title elementor-size-default\">M\u016bsu atra\u0161an\u0101s vietas:<\/h2>\t\t<\/div>\n\t\t\t\t<\/div>\n\t\t<div class=\"elementor-element elementor-element-0351e69 e-grid e-con-full e-con e-child\" data-id=\"0351e69\" data-element_type=\"container\">\n\t\t<div class=\"elementor-element elementor-element-b8f62e9 e-con-full e-flex e-con e-child\" data-id=\"b8f62e9\" data-element_type=\"container\" data-settings=\"{&quot;background_background&quot;:&quot;classic&quot;}\">\n\t\t<div class=\"elementor-element elementor-element-c1b444d e-con-full e-flex e-con e-child\" data-id=\"c1b444d\" data-element_type=\"container\">\n\t\t\t\t<div class=\"elementor-element elementor-element-f4cd916 elementor-widget elementor-widget-image\" data-id=\"f4cd916\" data-element_type=\"widget\" data-widget_type=\"image.default\">\n\t\t\t\t<div class=\"elementor-widget-container\">\n\t\t\t\t\t\t\t\t\t\t\t\t\t<img decoding=\"async\" width=\"50\" height=\"50\" src=\"https:\/\/www.marymaris.eu\/wp-content\/uploads\/2024\/08\/check.svg\" class=\"attachment-large size-large wp-image-3601\" alt=\"\" \/>\t\t\t\t\t\t\t\t\t\t\t\t\t<\/div>\n\t\t\t\t<\/div>\n\t\t\t\t<div class=\"elementor-element elementor-element-1a31c41 elementor-widget elementor-widget-text-editor\" data-id=\"1a31c41\" data-element_type=\"widget\" data-widget_type=\"text-editor.default\">\n\t\t\t\t<div class=\"elementor-widget-container\">\n\t\t\t\t\t\t\t<div><span lang=\"RU\">Latvija: <\/span><\/div>\n\t\t\t\t\t\t<\/div>\n\t\t\t\t<\/div>\n\t\t\t\t<div class=\"elementor-element elementor-element-8fc8c0c elementor-widget elementor-widget-text-editor\" data-id=\"8fc8c0c\" data-element_type=\"widget\" data-widget_type=\"text-editor.default\">\n\t\t\t\t<div class=\"elementor-widget-container\">\n\t\t\t\t\t\t\t<div><span lang=\"RU\">R\u012bg\u0101 kop\u0161 2020. gada veiksm\u012bgi darbojas m\u016bsu MaryMaris parks tirdzniec\u012bbas centr\u0101 Akropole R\u012bga. T\u0101 ir vieta, kur jautri un akt\u012bvi laiku pavada R\u012bgas iedz\u012bvot\u0101ji un viesi. <\/span><\/div>\n\t\t\t\t\t\t<\/div>\n\t\t\t\t<\/div>\n\t\t\t\t<\/div>\n\t\t\t\t<\/div>\n\t\t<div class=\"elementor-element elementor-element-3348e93 e-con-full e-flex e-con e-child\" data-id=\"3348e93\" data-element_type=\"container\" data-settings=\"{&quot;background_background&quot;:&quot;classic&quot;}\">\n\t\t<div class=\"elementor-element elementor-element-9e5bf13 e-con-full e-flex e-con e-child\" data-id=\"9e5bf13\" data-element_type=\"container\">\n\t\t\t\t<div class=\"elementor-element elementor-element-0a54d66 elementor-widget elementor-widget-image\" data-id=\"0a54d66\" data-element_type=\"widget\" data-widget_type=\"image.default\">\n\t\t\t\t<div class=\"elementor-widget-container\">\n\t\t\t\t\t\t\t\t\t\t\t\t\t<img decoding=\"async\" width=\"50\" height=\"50\" src=\"https:\/\/www.marymaris.eu\/wp-content\/uploads\/2024\/08\/check.svg\" class=\"attachment-large size-large wp-image-3601\" alt=\"\" \/>\t\t\t\t\t\t\t\t\t\t\t\t\t<\/div>\n\t\t\t\t<\/div>\n\t\t\t\t<div class=\"elementor-element elementor-element-8fe0854 elementor-widget elementor-widget-text-editor\" data-id=\"8fe0854\" data-element_type=\"widget\" data-widget_type=\"text-editor.default\">\n\t\t\t\t<div class=\"elementor-widget-container\">\n\t\t\t\t\t\t\t<div><span lang=\"RU\">Lietuva: <\/span><\/div>\n\t\t\t\t\t\t<\/div>\n\t\t\t\t<\/div>\n\t\t\t\t<div class=\"elementor-element elementor-element-dc10f2b elementor-widget elementor-widget-text-editor\" data-id=\"dc10f2b\" data-element_type=\"widget\" data-widget_type=\"text-editor.default\">\n\t\t\t\t<div class=\"elementor-widget-container\">\n\t\t\t\t\t\t\t<div><span lang=\"RU\">Vi\u013c\u0146\u0101 jau norit m\u016bsu parka b\u016bvniec\u012bba tirdzniec\u012bbas centr\u0101 Akropolis Vilnius. Dr\u012bz, 2025. gada pavasar\u012b, m\u0113s atv\u0113rsim durvis visiem viesiem. <\/span><\/div>\n\t\t\t\t\t\t<\/div>\n\t\t\t\t<\/div>\n\t\t\t\t<\/div>\n\t\t\t\t<\/div>\n\t\t<div class=\"elementor-element elementor-element-04187b6 e-con-full e-flex e-con e-child\" data-id=\"04187b6\" data-element_type=\"container\" data-settings=\"{&quot;background_background&quot;:&quot;classic&quot;}\">\n\t\t<div class=\"elementor-element elementor-element-daca59e e-con-full e-flex e-con e-child\" data-id=\"daca59e\" data-element_type=\"container\">\n\t\t\t\t<div class=\"elementor-element elementor-element-8c6d0f6 elementor-widget elementor-widget-image\" data-id=\"8c6d0f6\" data-element_type=\"widget\" data-widget_type=\"image.default\">\n\t\t\t\t<div class=\"elementor-widget-container\">\n\t\t\t\t\t\t\t\t\t\t\t\t\t<img decoding=\"async\" width=\"50\" height=\"50\" src=\"https:\/\/www.marymaris.eu\/wp-content\/uploads\/2024\/08\/check.svg\" class=\"attachment-large size-large wp-image-3601\" alt=\"\" \/>\t\t\t\t\t\t\t\t\t\t\t\t\t<\/div>\n\t\t\t\t<\/div>\n\t\t\t\t<div class=\"elementor-element elementor-element-c15e041 elementor-widget elementor-widget-text-editor\" data-id=\"c15e041\" data-element_type=\"widget\" data-widget_type=\"text-editor.default\">\n\t\t\t\t<div class=\"elementor-widget-container\">\n\t\t\t\t\t\t\t<div><span lang=\"RU\">Igaunija: <\/span><\/div>\n\t\t\t\t\t\t<\/div>\n\t\t\t\t<\/div>\n\t\t\t\t<div class=\"elementor-element elementor-element-03c997b elementor-widget elementor-widget-text-editor\" data-id=\"03c997b\" data-element_type=\"widget\" data-widget_type=\"text-editor.default\">\n\t\t\t\t<div class=\"elementor-widget-container\">\n\t\t\t\t\t\t\t<div><span lang=\"RU\">Tallin\u0101 dr\u012bzum\u0101 s\u0101ksies jauna parka b\u016bvniec\u012bba tirdzniec\u012bbas centr\u0101 Rocca Al Mare. \u0160\u012b inov\u0101cijas piln\u0101 un aizraujo\u0161\u0101 sporta un izklaides parka atv\u0113r\u0161ana ir pl\u0101nota 2025. gada ruden\u012b. <\/span><\/div>\n\t\t\t\t\t\t<\/div>\n\t\t\t\t<\/div>\n\t\t\t\t<\/div>\n\t\t\t\t<\/div>\n\t\t\t\t<\/div>\n\t\t\t\t\t<\/div>\n\t\t\t\t<\/div>\n\t\t<div class=\"elementor-element elementor-element-1e2d752 e-flex e-con-boxed e-con e-parent\" data-id=\"1e2d752\" data-element_type=\"container\" data-settings=\"{&quot;background_background&quot;:&quot;classic&quot;}\">\n\t\t\t\t\t<div class=\"e-con-inner\">\n\t\t\t\t<div class=\"elementor-element elementor-element-61e05c3 elementor-widget elementor-widget-heading\" data-id=\"61e05c3\" data-element_type=\"widget\" data-widget_type=\"heading.default\">\n\t\t\t\t<div class=\"elementor-widget-container\">\n\t\t\t<h2 class=\"elementor-heading-title elementor-size-default\">Ko j\u016bs gaida m\u016bsu parkos?<\/h2>\t\t<\/div>\n\t\t\t\t<\/div>\n\t\t<div class=\"elementor-element elementor-element-be0d031 e-grid e-con-full e-con e-child\" data-id=\"be0d031\" data-element_type=\"container\">\n\t\t<div class=\"elementor-element elementor-element-5c2b29f e-con-full e-flex e-con e-child\" data-id=\"5c2b29f\" data-element_type=\"container\" data-settings=\"{&quot;background_background&quot;:&quot;classic&quot;}\">\n\t\t\t\t<div class=\"elementor-element elementor-element-261e692 elementor-widget elementor-widget-text-editor\" data-id=\"261e692\" data-element_type=\"widget\" data-widget_type=\"text-editor.default\">\n\t\t\t\t<div class=\"elementor-widget-container\">\n\t\t\t\t\t\t\t<p style=\"font-weight: 400;\">Akt\u012bva izklaide gan b\u0113rniem, gan pieaugu\u0161ajiem: batuti, virvju parki, k\u0101p\u0161anas sienas un daudz kas cits.<\/p>\n<p style=\"font-weight: 400;\">Eiropas virtuves restor\u0101ns, kur varat atp\u016bsties un izbaud\u012bt gardus \u0113dienus p\u0113c akt\u012bvas dienas.<\/p>\n<p style=\"font-weight: 400;\">\u0122imenes atmosf\u0113ra, kas piem\u0113rota vis\u0101m vecuma grup\u0101m \u2013 ikviens atrad\u012bs savu izklaidi!<\/p>\n\t\t\t\t\t\t<\/div>\n\t\t\t\t<\/div>\n\t\t\t\t<div class=\"elementor-element elementor-element-0d10276 elementor-widget elementor-widget-text-editor\" data-id=\"0d10276\" data-element_type=\"widget\" data-widget_type=\"text-editor.default\">\n\t\t\t\t<div class=\"elementor-widget-container\">\n\t\t\t\t\t\t\t<p>MaryMaris \u2013 tas ir atp\u016bta visai \u0123imenei! Vieta, kur tiek rad\u012bti lab\u0101kie atmi\u0146as! <\/p>\n\t\t\t\t\t\t<\/div>\n\t\t\t\t<\/div>\n\t\t\t\t<\/div>\n\t\t\t\t<\/div>\n\t\t\t\t\t<\/div>\n\t\t\t\t<\/div>\n\t\t<div class=\"elementor-element elementor-element-10517bd e-flex e-con-boxed e-con e-parent\" data-id=\"10517bd\" data-element_type=\"container\" data-settings=\"{&quot;background_background&quot;:&quot;classic&quot;,&quot;shape_divider_top&quot;:&quot;opacity-fan&quot;,&quot;shape_divider_bottom&quot;:&quot;opacity-fan&quot;}\">\n\t\t\t\t\t<div class=\"e-con-inner\">\n\t\t\t\t<div class=\"elementor-shape elementor-shape-top\" data-negative=\"false\">\n\t\t\t<svg xmlns=\"http:\/\/www.w3.org\/2000\/svg\" viewBox=\"0 0 283.5 19.6\" preserveAspectRatio=\"none\">\n\t<path class=\"elementor-shape-fill\" style=\"opacity:0.33\" d=\"M0 0L0 18.8 141.8 4.1 283.5 18.8 283.5 0z\"\/>\n\t<path class=\"elementor-shape-fill\" style=\"opacity:0.33\" d=\"M0 0L0 12.6 141.8 4 283.5 12.6 283.5 0z\"\/>\n\t<path class=\"elementor-shape-fill\" style=\"opacity:0.33\" d=\"M0 0L0 6.4 141.8 4 283.5 6.4 283.5 0z\"\/>\n\t<path class=\"elementor-shape-fill\" d=\"M0 0L0 1.2 141.8 4 283.5 1.2 283.5 0z\"\/>\n<\/svg>\t\t<\/div>\n\t\t\t\t<div class=\"elementor-shape elementor-shape-bottom\" data-negative=\"false\">\n\t\t\t<svg xmlns=\"http:\/\/www.w3.org\/2000\/svg\" viewBox=\"0 0 283.5 19.6\" preserveAspectRatio=\"none\">\n\t<path class=\"elementor-shape-fill\" style=\"opacity:0.33\" d=\"M0 0L0 18.8 141.8 4.1 283.5 18.8 283.5 0z\"\/>\n\t<path class=\"elementor-shape-fill\" style=\"opacity:0.33\" d=\"M0 0L0 12.6 141.8 4 283.5 12.6 283.5 0z\"\/>\n\t<path class=\"elementor-shape-fill\" style=\"opacity:0.33\" d=\"M0 0L0 6.4 141.8 4 283.5 6.4 283.5 0z\"\/>\n\t<path class=\"elementor-shape-fill\" d=\"M0 0L0 1.2 141.8 4 283.5 1.2 283.5 0z\"\/>\n<\/svg>\t\t<\/div>\n\t\t\t\t<div class=\"elementor-element elementor-element-b38b069 elementor-skin-carousel elementor-pagination-type-bullets elementor-pagination-position-outside elementor-widget elementor-widget-media-carousel\" data-id=\"b38b069\" data-element_type=\"widget\" data-settings=\"{&quot;slides_per_view&quot;:&quot;5&quot;,&quot;slides_to_scroll&quot;:&quot;2&quot;,&quot;lazyload&quot;:&quot;yes&quot;,&quot;space_between&quot;:{&quot;unit&quot;:&quot;px&quot;,&quot;size&quot;:20,&quot;sizes&quot;:[]},&quot;skin&quot;:&quot;carousel&quot;,&quot;effect&quot;:&quot;slide&quot;,&quot;pagination&quot;:&quot;bullets&quot;,&quot;speed&quot;:500,&quot;autoplay&quot;:&quot;yes&quot;,&quot;autoplay_speed&quot;:5000,&quot;loop&quot;:&quot;yes&quot;,&quot;pause_on_hover&quot;:&quot;yes&quot;,&quot;pause_on_interaction&quot;:&quot;yes&quot;,&quot;space_between_tablet&quot;:{&quot;unit&quot;:&quot;px&quot;,&quot;size&quot;:10,&quot;sizes&quot;:[]},&quot;space_between_mobile&quot;:{&quot;unit&quot;:&quot;px&quot;,&quot;size&quot;:10,&quot;sizes&quot;:[]}}\" data-widget_type=\"media-carousel.default\">\n\t\t\t\t<div class=\"elementor-widget-container\">\n\t\t\t<link rel=\"stylesheet\" href=\"https:\/\/www.marymaris.eu\/wp-content\/plugins\/elementor-pro\/assets\/css\/widget-carousel.min.css\">\t\t<div class=\"elementor-swiper\">\n\t\t\t<div class=\"elementor-main-swiper swiper\">\n\t\t\t\t<div class=\"swiper-wrapper\">\n\t\t\t\t\t\t\t\t\t\t\t<div class=\"swiper-slide\">\n\t\t\t\t\t\t\t\t\t<div class=\"elementor-carousel-image swiper-lazy\" role=\"img\" aria-label=\"LOGO_f51e0e938b4d0659e7c3347806487337\" data-background=\"https:\/\/www.marymaris.eu\/wp-content\/uploads\/2024\/08\/LOGO_f51e0e938b4d0659e7c3347806487337.png\">\n\n\t\t\t\t\t\t\t<div class=\"swiper-lazy-preloader\"><\/div>\n\t\t\t\n\t\t\t\t\t<\/div>\n\t\t\t\t\t\t\t\t<\/div>\n\t\t\t\t\t\t\t\t\t\t\t<div class=\"swiper-slide\">\n\t\t\t\t\t\t\t\t\t<div class=\"elementor-carousel-image swiper-lazy\" role=\"img\" aria-label=\"ClanZero-Logo-Final-2\" data-background=\"https:\/\/www.marymaris.eu\/wp-content\/uploads\/2024\/08\/ClanZero-Logo-Final-2.png\">\n\n\t\t\t\t\t\t\t<div class=\"swiper-lazy-preloader\"><\/div>\n\t\t\t\n\t\t\t\t\t<\/div>\n\t\t\t\t\t\t\t\t<\/div>\n\t\t\t\t\t\t\t\t\t\t\t<div class=\"swiper-slide\">\n\t\t\t\t\t\t\t\t\t<div class=\"elementor-carousel-image swiper-lazy\" role=\"img\" aria-label=\"LOGO-176x45-1\" data-background=\"https:\/\/www.marymaris.eu\/wp-content\/uploads\/2024\/08\/LOGO-176x45-1.png\">\n\n\t\t\t\t\t\t\t<div class=\"swiper-lazy-preloader\"><\/div>\n\t\t\t\n\t\t\t\t\t<\/div>\n\t\t\t\t\t\t\t\t<\/div>\n\t\t\t\t\t\t\t\t\t\t\t<div class=\"swiper-slide\">\n\t\t\t\t\t\t\t\t\t<div class=\"elementor-carousel-image swiper-lazy\" role=\"img\" aria-label=\"\u0411\u0435\u0437-\u043d\u0430\u0437\u0432\u0430\u043d\u0438\u044f\" data-background=\"https:\/\/www.marymaris.eu\/wp-content\/uploads\/2024\/08\/\u0411\u0435\u0437-\u043d\u0430\u0437\u0432\u0430\u043d\u0438\u044f.png\">\n\n\t\t\t\t\t\t\t<div class=\"swiper-lazy-preloader\"><\/div>\n\t\t\t\n\t\t\t\t\t<\/div>\n\t\t\t\t\t\t\t\t<\/div>\n\t\t\t\t\t\t\t\t\t\t\t<div class=\"swiper-slide\">\n\t\t\t\t\t\t\t\t\t<div class=\"elementor-carousel-image swiper-lazy\" role=\"img\" aria-label=\"logo-1\" data-background=\"https:\/\/www.marymaris.eu\/wp-content\/uploads\/2024\/08\/logo-1.png\">\n\n\t\t\t\t\t\t\t<div class=\"swiper-lazy-preloader\"><\/div>\n\t\t\t\n\t\t\t\t\t<\/div>\n\t\t\t\t\t\t\t\t<\/div>\n\t\t\t\t\t\t\t\t\t<\/div>\n\t\t\t\t\t\t\t\t\t\t\t\t\t\t\t<div class=\"swiper-pagination\"><\/div>\n\t\t\t\t\t\t\t\t\t\t\t\t\t\t\t\t\t<\/div>\n\t\t<\/div>\n\t\t\t\t<\/div>\n\t\t\t\t<\/div>\n\t\t\t\t\t<\/div>\n\t\t\t\t<\/div>\n\t\t\t\t<\/div>\n\t\t","protected":false},"excerpt":{"rendered":"<p>Atp\u016bta visai \u0123imenei Laipni l\u016bdzam MaryMaris \u2013 \u0123imenes sporta un izklaides centri vis\u0101 Baltij\u0101! M\u0113s veidojam unik\u0101lus akt\u012bv\u0101s atp\u016btas parkus.. <span class=\"sb-el-more\"><a href=\"https:\/\/www.marymaris.eu\/lv\/\" class=\"sb-btn\"><span class=\"sb-icon\"><span class=\"sb-icon-arrow\"><\/span><\/span><span>Read more<\/span><\/a><\/span><\/p>\n","protected":false},"author":2,"featured_media":0,"parent":0,"menu_order":0,"comment_status":"closed","ping_status":"closed","template":"elementor_header_footer","meta":{"_acf_changed":false,"footnotes":""},"class_list":["post-4865","page","type-page","status-publish","hentry"],"acf":[],"_links":{"self":[{"href":"https:\/\/www.marymaris.eu\/lv\/wp-json\/wp\/v2\/pages\/4865","targetHints":{"allow":["GET"]}}],"collection":[{"href":"https:\/\/www.marymaris.eu\/lv\/wp-json\/wp\/v2\/pages"}],"about":[{"href":"https:\/\/www.marymaris.eu\/lv\/wp-json\/wp\/v2\/types\/page"}],"author":[{"embeddable":true,"href":"https:\/\/www.marymaris.eu\/lv\/wp-json\/wp\/v2\/users\/2"}],"replies":[{"embeddable":true,"href":"https:\/\/www.marymaris.eu\/lv\/wp-json\/wp\/v2\/comments?post=4865"}],"version-history":[{"count":9,"href":"https:\/\/www.marymaris.eu\/lv\/wp-json\/wp\/v2\/pages\/4865\/revisions"}],"predecessor-version":[{"id":4977,"href":"https:\/\/www.marymaris.eu\/lv\/wp-json\/wp\/v2\/pages\/4865\/revisions\/4977"}],"wp:attachment":[{"href":"https:\/\/www.marymaris.eu\/lv\/wp-json\/wp\/v2\/media?parent=4865"}],"curies":[{"name":"wp","href":"https:\/\/api.w.org\/{rel}","templated":true}]}}