{"id":4884,"date":"2023-11-06T09:10:24","date_gmt":"2023-11-06T09:10:24","guid":{"rendered":"https:\/\/www.marymaris.eu\/privatumo-politika\/"},"modified":"2025-04-30T16:39:07","modified_gmt":"2025-04-30T16:39:07","slug":"privatumo-politika","status":"publish","type":"page","link":"https:\/\/www.marymaris.eu\/lt\/privatumo-politika\/","title":{"rendered":"Privatumo politika"},"content":{"rendered":"\t\t<div data-elementor-type=\"wp-page\" data-elementor-id=\"4884\" class=\"elementor elementor-4884 elementor-3\" data-elementor-post-type=\"page\">\n\t\t\t\t<div class=\"elementor-element elementor-element-cf056bf e-flex e-con-boxed e-con e-parent\" data-id=\"cf056bf\" data-element_type=\"container\">\n\t\t\t\t\t<div class=\"e-con-inner\">\n\t\t<div class=\"elementor-element elementor-element-7813355 e-flex e-con-boxed e-con e-child\" data-id=\"7813355\" data-element_type=\"container\">\n\t\t\t\t\t<div class=\"e-con-inner\">\n\t\t\t\t<div class=\"elementor-element elementor-element-a7245fe elementor-widget elementor-widget-heading\" data-id=\"a7245fe\" data-element_type=\"widget\" data-widget_type=\"heading.default\">\n\t\t\t\t<div class=\"elementor-widget-container\">\n\t\t\t<style>\/*! elementor - v3.22.0 - 26-06-2024 *\/\n.elementor-heading-title{padding:0;margin:0;line-height:1}.elementor-widget-heading .elementor-heading-title[class*=elementor-size-]>a{color:inherit;font-size:inherit;line-height:inherit}.elementor-widget-heading .elementor-heading-title.elementor-size-small{font-size:15px}.elementor-widget-heading .elementor-heading-title.elementor-size-medium{font-size:19px}.elementor-widget-heading .elementor-heading-title.elementor-size-large{font-size:29px}.elementor-widget-heading .elementor-heading-title.elementor-size-xl{font-size:39px}.elementor-widget-heading .elementor-heading-title.elementor-size-xxl{font-size:59px}<\/style><h2 class=\"elementor-heading-title elementor-size-default\">Privatumo politika<\/h2>\t\t<\/div>\n\t\t\t\t<\/div>\n\t\t\t\t\t<\/div>\n\t\t\t\t<\/div>\n\t\t\t\t\t<\/div>\n\t\t\t\t<\/div>\n\t\t<div class=\"elementor-element elementor-element-973855b e-flex e-con-boxed e-con e-parent\" data-id=\"973855b\" data-element_type=\"container\">\n\t\t\t\t\t<div class=\"e-con-inner\">\n\t\t<div class=\"elementor-element elementor-element-af02c64 e-con-full e-flex e-con e-child\" data-id=\"af02c64\" data-element_type=\"container\">\n\t\t\t\t<div class=\"elementor-element elementor-element-f7a6d60 elementor-widget elementor-widget-text-editor\" data-id=\"f7a6d60\" data-element_type=\"widget\" data-widget_type=\"text-editor.default\">\n\t\t\t\t<div class=\"elementor-widget-container\">\n\t\t\t<style>\/*! elementor - v3.22.0 - 26-06-2024 *\/\n.elementor-widget-text-editor.elementor-drop-cap-view-stacked .elementor-drop-cap{background-color:#69727d;color:#fff}.elementor-widget-text-editor.elementor-drop-cap-view-framed .elementor-drop-cap{color:#69727d;border:3px solid;background-color:transparent}.elementor-widget-text-editor:not(.elementor-drop-cap-view-default) .elementor-drop-cap{margin-top:8px}.elementor-widget-text-editor:not(.elementor-drop-cap-view-default) .elementor-drop-cap-letter{width:1em;height:1em}.elementor-widget-text-editor .elementor-drop-cap{float:left;text-align:center;line-height:1;font-size:50px}.elementor-widget-text-editor .elementor-drop-cap-letter{display:inline-block}<\/style>\t\t\t\t<h3>K\u0105 rei\u0161kia \u0161i privatumo politika?<br><br><\/h3>\n<div> <\/div>\n<p>Mes \u012fsipareigojame apsaugoti klient\u0173 ir svetain\u0117s lankytoj\u0173 privatum\u0105 SIA Kama Grupp (MaryMaris) svetain\u0117je www.marymaris.lv. \u0160i privatumo politika supa\u017eindina su m\u016bs\u0173 duomen\u0173 tvarkymo principais, \u012fskaitant (a) renkam\u0173 m\u016bs\u0173 duomen\u0173 tipus; (b) MaryMaris informacijos naudojimo ir atskleidimo tvark\u0105; (c) j\u016bs\u0173 teises, susijusias su m\u016bs\u0173 surenkamais ir naudojamais duomenimis. SIA Kama Grupp pasilieka teis\u0119, esant poreikiui, keisti privatumo politik\u0105, informuojant vartotojus apie tai. Mes manome, kad u\u017esisakydami ir pirkdami MaryMaris paslaugas ir prekes bei u\u017esiprenumeruodami m\u016bs\u0173 naujienlai\u0161k\u012f, j\u016bs susipa\u017einote su \u0161iais principais ir juos priimate.   <\/p>\n<h3>Kokius duomenis mes renkame ir kam jie reikalingi?<\/h3>\n<div> <\/div>\n<p>SIA Kama Grupp yra pagrindinis asmens duomen\u0173 tvarkytojas, SIA Kama Grupp perduoda asmens duomenis, kurie reikalingi mok\u0117jimams atlikti, \u012fgaliotam tvarkytojui Maksekeskus AS<\/p>\n<p>Informacija apie klientus, paslaug\u0173 u\u017esakovus ir naujienlai\u0161kio prenumeratorius. Tam tikrose MaryMaris svetain\u0117s dalyse gali b\u016bti papra\u0161yta savanori\u0161kai pateikti asmens duomenis ir kliento asmenin\u0119 informacij\u0105. B\u016btini duomenys gali apimti j\u016bs\u0173 vard\u0105 ir pavard\u0119, adres\u0105, pa\u0161to kod\u0105, elektronin\u012f pa\u0161t\u0105 ir telefono numer\u012f. Pateikti duomenys naudojami pagal \u0161i\u0105 privatumo politik\u0105.   <\/p>\n<p>IP adresas ir slapukai. Kaip ir daugelis kit\u0173 svetaini\u0173, MaryMaris saugo j\u016bs\u0173 IP adres\u0105 ir naudoja standartin\u0119 slapuk\u0173 technologij\u0105. Slapukai \u2013 tai ma\u017ei duomen\u0173 fragmentai, kurie i\u0161saugomi j\u016bs\u0173 kompiuteryje apsilankius svetain\u0117je. Slapukai padeda j\u016bs\u0173 nar\u0161yklei automati\u0161kai identifikuoti jus MaryMaris serveryje. Jei pageidaujate, galite u\u017eblokuoti slapuk\u0173 saugojim\u0105 savo nar\u0161ykl\u0117je, ta\u010diau tai gali riboti tam tikr\u0173 svetain\u0117s skyri\u0173 funkcionalum\u0105. MaryMaris nesieja IP adreso su asmens duomenimis. Tai rei\u0161kia, kad j\u016bs\u0173 vartotojo sesija stebima, ta\u010diau j\u016bs\u0173 tapatyb\u0117 n\u0117ra nustatoma. Ta\u010diau kai kurie slapuk\u0173 tipai leid\u017eia mums saugoti j\u016bs\u0173 duomenis \u2013 pavyzd\u017eiui, pildant formas. Tokie slapukai siun\u010diami \u012f nar\u0161ykl\u0119 tik tada, jei suteik\u0117te sutikim\u0105 saugoti informacij\u0105.        <\/p>\n<h3>Kaip dar MaryMaris naudoja svetain\u0117s pagalba surinktus duomenis?<\/h3>\n<div> <\/div>\n<p>Be to, kad naudojame konfidenciali\u0105 informacij\u0105 pagal auk\u0161\u010diau nurodytas s\u0105lygas, MaryMaris gali naudoti svetain\u0117s pagalba surinktus duomenis, kad sekdami pirk\u0117j\u0173 susidom\u0117jim\u0105 prek\u0117mis ir paslaugomis, ie\u0161kot\u0173 galim\u0173 problem\u0173 sprendim\u0173, kovot\u0173 su suk\u010diavimu ir kitais teis\u0117s pa\u017eeidimais, pritaikyt\u0173 paslaugas vartotojui, si\u016blyt\u0173 prekes ar paslaugas. Mes galime saugoti m\u016bs\u0173 korespondencij\u0105 su jumis, siekdami tobulinti prekes, paslaugas, svetain\u0119 arba kitais vie\u0161aisiais tikslais. MaryMaris gali naudoti pateiktus duomenis, kad si\u0173st\u0173 jums prane\u0161imus, pavyzd\u017eiui, kei\u010diant svetain\u0117s naudojimo s\u0105lygas arba perduodant svarbi\u0105 informacij\u0105 apie preki\u0173 ir paslaug\u0173 pasikeitimus.  <\/p>\n<p>MaryMaris gali atskleisti informacij\u0105 apie atskirus vartotojus tre\u010diosioms \u0161alims, kurios teikia MaryMaris paslaugas ir \u012fsipareigoja saugoti gaut\u0105 informacij\u0105 pagal \u0161i\u0105 privatumo politik\u0105. Tre\u010diosios \u0161alys apima MaryMaris partnerius, kurie specializuojasi preki\u0173 ir paslaug\u0173 u\u017esakymo, transporto, svetaini\u0173 valdymo, vidaus administravimo ir rinkodaros srityse. <\/p>\n<p>Jei pateikiate mums savo duomenis, pateikdami u\u017eklaus\u0105 d\u0117l preki\u0173 ar paslaug\u0173, kurias si\u016blo vienas i\u0161 m\u016bs\u0173 komercini\u0173 partneri\u0173, mes taip pat galime perduoti informacij\u0105 komerciniams partneriams d\u0117l tiekimo.<\/p>\n<p>MaryMaris atskleid\u017eia vartotoj\u0173 duomenis \u012fgaliotoms valstybin\u0117ms, teis\u0117saugos ir teism\u0173 institucijoms. Taip pat MaryMaris gali atskleisti informacij\u0105 tyrimo, kovos su neteis\u0117ta veikla arba veiksm\u0173 pri\u0117mimo tikslams, kai \u012ftariama suk\u010diavimu. <\/p>\t\t\t\t\t\t<\/div>\n\t\t\t\t<\/div>\n\t\t\t\t<\/div>\n\t\t<div class=\"elementor-element elementor-element-a80b3a1 e-con-full e-flex e-con e-child\" data-id=\"a80b3a1\" data-element_type=\"container\">\n\t\t\t\t<div class=\"elementor-element elementor-element-70265a5 elementor-widget elementor-widget-text-editor\" data-id=\"70265a5\" data-element_type=\"widget\" data-widget_type=\"text-editor.default\">\n\t\t\t\t<div class=\"elementor-widget-container\">\n\t\t\t\t\t\t\t<h3>Vartotojo teis\u0117s<\/h3>\n<div> <\/div>\n<p>Prieiga ir redagavimas. J\u016bs turite teis\u0119 su\u017einoti, kokiais asmens duomenimis disponuoja MaryMaris. J\u016bs turite teis\u0119 keisti, redaguoti ar pa\u0161alinti \u0161iuos duomenis. U\u017eregistruoto vartotojo duomenis galima redaguoti arba pa\u0161alinti, susisiekus su mumis nurodytu pa\u0161to adresu arba el. pa\u0161tu.   <\/p>\n<p>Pra\u0161ome atkreipti d\u0117mes\u012f, kad pra\u0161omi pakeitimai gali u\u017etrukti, jei pra\u0161ymas pateikiamas pa\u0161tu arba el. pa\u0161tu.<\/p>\n<h3>Saugumas<\/h3>\n<div> <\/div>\n<p>MaryMaris imasi b\u016btin\u0173 priemoni\u0173, kad u\u017etikrint\u0173 surinkt\u0173 asmens duomen\u0173 tikslum\u0105, teisingum\u0105 ir apsaug\u0105. Mes pri\u0117m\u0117me protingas atsargumo priemones, kad apsaugotume informacij\u0105 nuo praradimo, netinkamo naudojimo ir keitimo. Saugumo ir privatumo politika periodi\u0161kai per\u017ei\u016brima ir, jei reikia, papildoma, kad prie j\u016bs\u0173 duomen\u0173 tur\u0117t\u0173 prieig\u0105 tik \u012fgalioti asmenys.  <\/p>\n<h3>I\u0161oriniai saitai<\/h3>\n<div> <\/div>\n<p>MaryMaris svetain\u0117 naudoja nuorodas \u012f tre\u010di\u0173j\u0173 \u0161ali\u0173 valdomas svetaines. Paspaud\u0119 toki\u0105 nuorod\u0105, b\u016bsite nukreipti i\u0161 MaryMaris svetain\u0117s \u012f kitos organizacijos ar \u012fmon\u0117s svetain\u0119. MaryMaris neprisiima atsakomyb\u0117s u\u017e tre\u010di\u0173j\u0173 \u0161ali\u0173 svetaini\u0173 turin\u012f, net jei tarp svetaini\u0173 yra nuoroda. Kiekviena i\u0161 \u0161i\u0173 svetaini\u0173 turi savo privatumo politik\u0105, duomen\u0173 rinkimo ir apdorojimo taisykles. Apsilank\u0119 bet kurioje i\u0161 toki\u0173 svetaini\u0173, turite susipa\u017einti su tos svetain\u0117s privatumo politika prie\u0161 perduodami savo duomenis.    <\/p>\n<h3>S\u0105lygos ir privatumo politikos pakeitimai<\/h3>\n<div> <\/div>\n<p>Naudodamiesi SIA Kama Grupp svetaine, j\u016bs sutinkate su MaryMaris privatumo politika. Jei d\u0117l koki\u0173 nors prie\u017eas\u010di\u0173 nesutinkate su \u0161iomis s\u0105lygomis, netur\u0117tum\u0117te naudotis svetaine. MaryMaris pasilieka teis\u0119 bet kuriuo metu keisti \u0161i\u0105 privatumo politik\u0105. Pakeitus privatumo politikos s\u0105lygas ir (arba) asmens duomen\u0173 apdorojimo tvark\u0105, apie tai bus paskelbtas prane\u0161imas \u0161ioje svetain\u0117s skiltyje.   <\/p>\n<p>T\u0119sdami naudojim\u0105si svetaine, j\u016bs i\u0161rei\u0161kiate savo sutikim\u0105 su bet kokiais \u0161ios privatumo politikos pakeitimais.<\/p>\n<h3>Kontaktin\u0117 informacija<\/h3>\n<div> <\/div>\n<p>Jei turite klausim\u0173 d\u0117l privatumo politikos, jos s\u0105lyg\u0173 taikymo arba norite pasinaudoti savo teis\u0117mis, susisiekite su mumis el. pa\u0161tu <a href=\"mailto:info@marymaris.lv\">info@marymaris.lv<\/a><\/p>\n<p><strong>SIA Kama Grupp<br \/><\/strong>Akropole, latgales iela 257, r\u012bga<\/p>\n<p>Telefonas: (+371) 66 255 550<br \/>El. pastas: <a href=\"mailto:info@marymaris.lv\">info@marymaris.lv<\/a><\/p>\n\t\t\t\t\t\t<\/div>\n\t\t\t\t<\/div>\n\t\t\t\t<\/div>\n\t\t\t\t\t<\/div>\n\t\t\t\t<\/div>\n\t\t\t\t<\/div>\n\t\t","protected":false},"excerpt":{"rendered":"<p>Privatumo politika K\u0105 rei\u0161kia \u0161i privatumo politika? Mes \u012fsipareigojame apsaugoti klient\u0173 ir svetain\u0117s lankytoj\u0173 privatum\u0105 SIA Kama Grupp (MaryMaris) svetain\u0117je.. <span class=\"sb-el-more\"><a href=\"https:\/\/www.marymaris.eu\/lt\/privatumo-politika\/\" class=\"sb-btn\"><span class=\"sb-icon\"><span class=\"sb-icon-arrow\"><\/span><\/span><span>Read more<\/span><\/a><\/span><\/p>\n","protected":false},"author":1,"featured_media":0,"parent":0,"menu_order":0,"comment_status":"closed","ping_status":"closed","template":"elementor_header_footer","meta":{"_acf_changed":false,"footnotes":""},"class_list":["post-4884","page","type-page","status-publish","hentry"],"acf":[],"_links":{"self":[{"href":"https:\/\/www.marymaris.eu\/lt\/wp-json\/wp\/v2\/pages\/4884","targetHints":{"allow":["GET"]}}],"collection":[{"href":"https:\/\/www.marymaris.eu\/lt\/wp-json\/wp\/v2\/pages"}],"about":[{"href":"https:\/\/www.marymaris.eu\/lt\/wp-json\/wp\/v2\/types\/page"}],"author":[{"embeddable":true,"href":"https:\/\/www.marymaris.eu\/lt\/wp-json\/wp\/v2\/users\/1"}],"replies":[{"embeddable":true,"href":"https:\/\/www.marymaris.eu\/lt\/wp-json\/wp\/v2\/comments?post=4884"}],"version-history":[{"count":3,"href":"https:\/\/www.marymaris.eu\/lt\/wp-json\/wp\/v2\/pages\/4884\/revisions"}],"predecessor-version":[{"id":4985,"href":"https:\/\/www.marymaris.eu\/lt\/wp-json\/wp\/v2\/pages\/4884\/revisions\/4985"}],"wp:attachment":[{"href":"https:\/\/www.marymaris.eu\/lt\/wp-json\/wp\/v2\/media?parent=4884"}],"curies":[{"name":"wp","href":"https:\/\/api.w.org\/{rel}","templated":true}]}}